{"id":58,"date":"2024-01-11T13:48:40","date_gmt":"2024-01-11T12:48:40","guid":{"rendered":"https:\/\/josselinpietri.fr\/?page_id=58"},"modified":"2024-02-14T14:19:15","modified_gmt":"2024-02-14T13:19:15","slug":"cv","status":"publish","type":"page","link":"https:\/\/josselinpietri.fr\/index.php\/cv\/","title":{"rendered":"Mon parcours"},"content":{"rendered":"<table border=\"0\" width=\"800\" align=\"center\">\n<tbody>\n<tr>\n<td width=\"60%\">\n<h4 style=\"color: #e9652f;\">Josselin PIETRI<\/h4>\n<p style=\"text-align: left;\"><strong>Artiste plasticien<\/strong><br \/>\n<strong>69200 V\u00e9nissieux<\/strong><\/p>\n<\/td>\n<td valign=\"top\" width=\"40%\">\n<p><figure id=\"attachment_120\" aria-describedby=\"caption-attachment-120\" style=\"width: 300px\" class=\"wp-caption alignright\"><img loading=\"lazy\" decoding=\"async\" class=\"size-medium wp-image-120\" src=\"http:\/\/josselinpietri.fr\/wp-content\/uploads\/2024\/02\/Josselin-Pietri-artiste-24-300x200.jpg\" alt=\"\" width=\"300\" height=\"200\" srcset=\"https:\/\/josselinpietri.fr\/wp-content\/uploads\/2024\/02\/Josselin-Pietri-artiste-24-300x200.jpg 300w, https:\/\/josselinpietri.fr\/wp-content\/uploads\/2024\/02\/Josselin-Pietri-artiste-24-1024x684.jpg 1024w, https:\/\/josselinpietri.fr\/wp-content\/uploads\/2024\/02\/Josselin-Pietri-artiste-24-768x513.jpg 768w, https:\/\/josselinpietri.fr\/wp-content\/uploads\/2024\/02\/Josselin-Pietri-artiste-24-1536x1025.jpg 1536w, https:\/\/josselinpietri.fr\/wp-content\/uploads\/2024\/02\/Josselin-Pietri-artiste-24-2048x1367.jpg 2048w\" sizes=\"auto, (max-width: 300px) 100vw, 300px\" \/><figcaption id=\"caption-attachment-120\" class=\"wp-caption-text\">\u00a9 R.BERT<\/figcaption><\/figure><\/td>\n<\/tr>\n<tr>\n<td colspan=\"2\"><strong>Reproduction de peintures<\/strong><br \/>\n<strong>Cr\u00e9ations d&rsquo;\u0153uvres en 3 D en carton recycl\u00e9<\/strong><br \/>\n<strong>th\u00e9matique Cin\u00e9ma<\/strong><\/p>\n<h4>Cr\u00e9ations<\/h4>\n<p>Parmi mes nombreuses \u0153uvres, citons<br \/>\n&#8211; une reproduction du tableau\u00a0\u00bbLe Couronnement de la sainte Vierge\u00a0\u00bb d&rsquo;Enguerrand Quarton, conserv\u00e9 \u00e0 Villeneuve-l\u00e8s-Avignon (220 cm X 183 cm).<br \/>\n&#8211; portrait du pape Fran\u00e7ois, envoy\u00e9 au Vatican (30 cm X 50 cm).<br \/>\n&#8211; peinture de Johnny Hallyday (30 cm X 50 cm).<br \/>\n&#8211; peinture du prince George, envoy\u00e9 \u00e0 Buckingham Palace (10 cm X 15 cm).<br \/>\n&#8211; Reproduction en carton, \u00e9chelle 1, de Yul Brynner en robot, dans le film \u00ab\u00a0Mondwest\u00a0\u00bb (1973) de Michael Crichton.<br \/>\n&#8211; portraits d&rsquo;acteurs : Clint Eastwood, Jean Gabin, Bruce Lee, Yves Montand, G\u00e9rard Depardieu, Steve McQueen\u2026<\/p>\n<h4>Expositions<\/h4>\n<p>&#8211; 2006 \u00ab\u00a0La Fureur de Bruce Lee\u00a0\u00bb, cin\u00e9ma Path\u00e9 (Lyon) dans le cadre d&rsquo;Asiexpo<br \/>\n&#8211; 2007 March\u00e9 des Arts, centre socio-culturel La Carni\u00e8re (Saint-Priest)<br \/>\n&#8211; 2009 Toiles de stars, Logo (Lyon)<br \/>\n&#8211; 2010 L&rsquo;\u00c9toile Op\u00e9ra, Lyon<br \/>\n&#8211; 2013 Cour des Art&rsquo;s, V\u00e9nissieux<br \/>\n&#8211; 2017 L&rsquo;Anticaf\u00e9, Lyon<br \/>\n&#8211; 2017 Biennale Hors Normes, Comoedia, Lyon (+ performance)<br \/>\n&#8211; 2018 Mus\u00e9e Art et Marges, Bruxelles<br \/>\n&#8211; 2019 \u00ab\u00a0P\u00e9plum et guitares\u00a0\u00bb, cin\u00e9ma Comoedia, Lyon (Biennales Hors Normes)<br \/>\n&#8211; 2021 Galerie La Rage, Lyon<br \/>\n&#8211; 2021 Biennale Hors Normes (Universit\u00e9 catholique, Lyon) et Biennale Hors Normes volcanique (th\u00e9\u00e2tre et cin\u00e9ma Le Cristal \u00e0 Aurillac)<br \/>\n&#8211; 2023 Les Clameurs, Lyon<br \/>\n&#8211; 2023 Biennale Hors Normes (Les Grandes Voisines, Francheville)<br \/>\n&#8211; 2024 Goethe Institut, Lyon<br \/>\n&#8211; 2024 Laboratoire Unibio, V\u00e9nissieux<\/td>\n<\/tr>\n<\/tbody>\n<\/table>\n","protected":false},"excerpt":{"rendered":"<p>Josselin PIETRI Artiste plasticien 69200 V\u00e9nissieux Reproduction de peintures Cr\u00e9ations d&rsquo;\u0153uvres en 3 D en carton recycl\u00e9 th\u00e9matique Cin\u00e9ma Cr\u00e9ations<\/p>\n","protected":false},"author":1,"featured_media":0,"parent":0,"menu_order":0,"comment_status":"closed","ping_status":"closed","template":"","meta":{"_exactmetrics_skip_tracking":false,"_exactmetrics_sitenote_active":false,"_exactmetrics_sitenote_note":"","_exactmetrics_sitenote_category":0,"cybocfi_hide_featured_image":"","footnotes":""},"class_list":["post-58","page","type-page","status-publish","hentry"],"_links":{"self":[{"href":"https:\/\/josselinpietri.fr\/index.php\/wp-json\/wp\/v2\/pages\/58","targetHints":{"allow":["GET"]}}],"collection":[{"href":"https:\/\/josselinpietri.fr\/index.php\/wp-json\/wp\/v2\/pages"}],"about":[{"href":"https:\/\/josselinpietri.fr\/index.php\/wp-json\/wp\/v2\/types\/page"}],"author":[{"embeddable":true,"href":"https:\/\/josselinpietri.fr\/index.php\/wp-json\/wp\/v2\/users\/1"}],"replies":[{"embeddable":true,"href":"https:\/\/josselinpietri.fr\/index.php\/wp-json\/wp\/v2\/comments?post=58"}],"version-history":[{"count":11,"href":"https:\/\/josselinpietri.fr\/index.php\/wp-json\/wp\/v2\/pages\/58\/revisions"}],"predecessor-version":[{"id":123,"href":"https:\/\/josselinpietri.fr\/index.php\/wp-json\/wp\/v2\/pages\/58\/revisions\/123"}],"wp:attachment":[{"href":"https:\/\/josselinpietri.fr\/index.php\/wp-json\/wp\/v2\/media?parent=58"}],"curies":[{"name":"wp","href":"https:\/\/api.w.org\/{rel}","templated":true}]}}